{"id":592,"date":"2018-06-19T10:45:31","date_gmt":"2018-06-19T10:45:31","guid":{"rendered":"https:\/\/emu.ehh.ro\/rolunk\/"},"modified":"2024-09-16T04:25:39","modified_gmt":"2024-09-16T04:25:39","slug":"despre-noi","status":"publish","type":"page","link":"https:\/\/emu2024.ehh.ro\/ro\/despre-noi\/","title":{"rendered":"Despre noi"},"content":{"rendered":"\t\t<div data-elementor-type=\"wp-post\" data-elementor-id=\"592\" class=\"elementor elementor-592 elementor-74\">\n\t\t\t\t\t\t<section class=\"elementor-section elementor-top-section elementor-element elementor-element-73f19eb elementor-section-stretched elementor-section-height-min-height elementor-section-boxed elementor-section-height-default elementor-section-items-middle\" data-id=\"73f19eb\" data-element_type=\"section\" data-settings=\"{&quot;stretch_section&quot;:&quot;section-stretched&quot;,&quot;background_background&quot;:&quot;classic&quot;}\">\n\t\t\t\t\t\t<div class=\"elementor-container elementor-column-gap-default\">\n\t\t\t\t\t<div class=\"aux-parallax-section elementor-column elementor-col-100 elementor-top-column elementor-element elementor-element-2f5d6eb aux-appear-watch-animation aux-fade-in-right\" data-id=\"2f5d6eb\" data-element_type=\"column\">\n\t\t\t<div class=\"elementor-widget-wrap elementor-element-populated\">\n\t\t\t\t\t\t<div class=\"elementor-element elementor-element-59a1228 elementor-widget elementor-widget-aux_modern_heading\" data-id=\"59a1228\" data-element_type=\"widget\" data-widget_type=\"aux_modern_heading.default\">\n\t\t\t\t<div class=\"elementor-widget-container\">\n\t\t\t<section class=\"aux-widget-modern-heading\">\n            <div class=\"aux-widget-inner\"><h2 class=\"aux-modern-heading-primary\">Despre Noi<\/h2><\/div>\n        <\/section>\t\t<\/div>\n\t\t\t\t<\/div>\n\t\t\t\t<div class=\"elementor-element elementor-element-0e142af elementor-widget elementor-widget-aux_breadcrumbs\" data-id=\"0e142af\" data-element_type=\"widget\" data-widget_type=\"aux_breadcrumbs.default\">\n\t\t\t\t<div class=\"elementor-widget-container\">\n\t\t\t<div class=\"aux-elementor-breadcrumbs\"><p class=\"aux-breadcrumbs\"><span><span><a href=\"https:\/\/emu2024.ehh.ro\/ro\/\">Home<\/a><\/span><\/span><\/p><\/div>\t\t<\/div>\n\t\t\t\t<\/div>\n\t\t\t\t\t<\/div>\n\t\t<\/div>\n\t\t\t\t\t<\/div>\n\t\t<\/section>\n\t\t\t\t<section class=\"elementor-section elementor-top-section elementor-element elementor-element-749adada elementor-section-boxed elementor-section-height-default elementor-section-height-default\" data-id=\"749adada\" data-element_type=\"section\">\n\t\t\t\t\t\t<div class=\"elementor-container elementor-column-gap-default\">\n\t\t\t\t\t<div class=\"aux-parallax-section elementor-column elementor-col-100 elementor-top-column elementor-element elementor-element-69dbfc3f\" data-id=\"69dbfc3f\" data-element_type=\"column\">\n\t\t\t<div class=\"elementor-widget-wrap elementor-element-populated\">\n\t\t\t\t\t\t<section class=\"elementor-section elementor-inner-section elementor-element elementor-element-4b63b8b9 aux-appear-watch-animation aux-fade-in-up elementor-section-boxed elementor-section-height-default elementor-section-height-default\" data-id=\"4b63b8b9\" data-element_type=\"section\">\n\t\t\t\t\t\t<div class=\"elementor-container elementor-column-gap-default\">\n\t\t\t\t\t<div class=\"aux-parallax-section elementor-column elementor-col-50 elementor-inner-column elementor-element elementor-element-d3536a\" data-id=\"d3536a\" data-element_type=\"column\">\n\t\t\t<div class=\"elementor-widget-wrap elementor-element-populated\">\n\t\t\t\t\t\t<div class=\"elementor-element elementor-element-7c7fbc54 elementor-widget elementor-widget-aux_modern_heading\" data-id=\"7c7fbc54\" data-element_type=\"widget\" data-widget_type=\"aux_modern_heading.default\">\n\t\t\t\t<div class=\"elementor-widget-container\">\n\t\t\t<section class=\"aux-widget-modern-heading\">\n            <div class=\"aux-widget-inner\"><h2 class=\"aux-modern-heading-primary\"><\/h2><h3 class=\"aux-modern-heading-secondary\"><span class=\"aux-head-before\">Prezent\u0103ri de me\u0219te\u0219uguri, loc de joac\u0103 popular<\/span><\/h3><div class=\"aux-modern-heading-divider\"><\/div><\/div>\n        <\/section>\t\t<\/div>\n\t\t\t\t<\/div>\n\t\t\t\t\t<\/div>\n\t\t<\/div>\n\t\t\t\t<div class=\"aux-parallax-section elementor-column elementor-col-50 elementor-inner-column elementor-element elementor-element-2404318c\" data-id=\"2404318c\" data-element_type=\"column\">\n\t\t\t<div class=\"elementor-widget-wrap elementor-element-populated\">\n\t\t\t\t\t\t<div class=\"elementor-element elementor-element-fd82497 elementor-widget elementor-widget-text-editor\" data-id=\"fd82497\" data-element_type=\"widget\" data-widget_type=\"text-editor.default\">\n\t\t\t\t<div class=\"elementor-widget-container\">\n\t\t\t\t\t\t\t<p><span lang=\"HU\">S\u0103rb\u0103toarea\nMe\u0219te\u0219ugurilor Ardelene\u0219ti are loc pentru prima dat\u0103 \u00een Cetatea din T\u00e2rgu\nMure\u0219, urm\u00e2nd modelul S\u0103rb\u0103toarea Me\u0219te\u0219ugurilor din Budapesta ini\u021biat de\nAsocia\u021bia de Etnografie \u0219i Art\u0103 Popular\u0103 acum aproape patru decenii.<\/span><\/p><p><span lang=\"HU\">Ini\u021biatorii\nevenimentului sunt Asocia\u021bia de Etnografie \u0219i Art\u0103 Popular\u0103, Funda\u021bia Casa\nTradi\u021biilor Ardelene\u0219ti \u0219i Asocia\u021bia Me\u0219te\u0219ugarilor din Transilvania, o\ncomunitate creat\u0103 pentru a sprijini me\u0219te\u0219ugarii locali.<\/span><\/p><p><span lang=\"HU\">Scopul celor\ntrei organiza\u021bii este s\u0103 sus\u021bin\u0103, s\u0103 men\u021bin\u0103 \u0219i s\u0103 transmit\u0103 valorile culturii\ntradi\u021bionale populare transilv\u0103nene c\u0103tre genera\u021biile viitoare.<o:p><\/o:p><\/span><\/p><p><span lang=\"HU\">\u00cen planificarea\nprogramului de dou\u0103 zile al festivalului, am c\u0103utat s\u0103 cre\u0103m programe tematice\ncare s\u0103 ofere activit\u0103\u021bi interesante pentru toate categoriile de v\u00e2rst\u0103.<\/span><\/p><p>\n\n\n\n\n\n\n\n\n\n\n\n\n\n<\/p><p><span lang=\"HU\">\u00cen centrul\naten\u021biei vor fi Me\u0219terii \u0219i Atelierele, acele ateliere de prezentare unde\nvizitatorii pot descoperi secretele diferitelor me\u0219te\u0219uguri tradi\u021bionale prin\ndemonstra\u021bii. Pentru cei mici, vom avea jocuri tradi\u021bionale \u0219i ateliere de\nme\u0219te\u0219uguri, \u00een timp ce adul\u021bii se vor putea bucura de concerte de muzic\u0103\npopular\u0103 \u0219i muzic\u0103 etnic\u0103 pe scena principal\u0103, precum \u0219i de spectacole de dans\npopular. Atmosfera de noapte va fi asigurat\u0103 de atelierele de dans popular sau\ncasa dansului popular.<o:p><\/o:p><\/span><\/p>\t\t\t\t\t\t<\/div>\n\t\t\t\t<\/div>\n\t\t\t\t\t<\/div>\n\t\t<\/div>\n\t\t\t\t\t<\/div>\n\t\t<\/section>\n\t\t\t\t\t<\/div>\n\t\t<\/div>\n\t\t\t\t\t<\/div>\n\t\t<\/section>\n\t\t\t\t<section class=\"elementor-section elementor-top-section elementor-element elementor-element-7a5f58a elementor-section-full_width elementor-section-height-default elementor-section-height-default\" data-id=\"7a5f58a\" data-element_type=\"section\">\n\t\t\t\t\t\t<div class=\"elementor-container elementor-column-gap-no\">\n\t\t\t\t\t<div class=\"aux-parallax-section elementor-column elementor-col-100 elementor-top-column elementor-element elementor-element-36021f1\" data-id=\"36021f1\" data-element_type=\"column\">\n\t\t\t<div class=\"elementor-widget-wrap elementor-element-populated\">\n\t\t\t\t\t\t<div class=\"elementor-element elementor-element-0b83d8b elementor-hidden-tablet elementor-hidden-mobile elementor-widget elementor-widget-image\" data-id=\"0b83d8b\" data-element_type=\"widget\" data-widget_type=\"image.default\">\n\t\t\t\t<div class=\"elementor-widget-container\">\n\t\t\t\t\t\t\t\t\t\t\t\t\t<img fetchpriority=\"high\" decoding=\"async\" width=\"1920\" height=\"588\" src=\"https:\/\/emu2024.ehh.ro\/wp-content\/uploads\/2024\/09\/sponsors-d-ro.jpg\" class=\"attachment-full size-full wp-image-1214\" alt=\"\" srcset=\"https:\/\/emu2024.ehh.ro\/wp-content\/uploads\/2024\/09\/sponsors-d-ro.jpg 1920w, https:\/\/emu2024.ehh.ro\/wp-content\/uploads\/2024\/09\/sponsors-d-ro-1536x470.jpg 1536w, https:\/\/emu2024.ehh.ro\/wp-content\/uploads\/2024\/09\/sponsors-d-ro-200x61.jpg 200w\" sizes=\"(max-width: 1920px) 100vw, 1920px\" \/>\t\t\t\t\t\t\t\t\t\t\t\t\t<\/div>\n\t\t\t\t<\/div>\n\t\t\t\t<div class=\"elementor-element elementor-element-5d43d38 elementor-hidden-desktop elementor-widget elementor-widget-image\" data-id=\"5d43d38\" data-element_type=\"widget\" data-widget_type=\"image.default\">\n\t\t\t\t<div class=\"elementor-widget-container\">\n\t\t\t\t\t\t\t\t\t\t\t\t\t<img decoding=\"async\" width=\"992\" height=\"2065\" src=\"https:\/\/emu2024.ehh.ro\/wp-content\/uploads\/2024\/09\/sponsors-m-ro.jpg\" class=\"attachment-full size-full wp-image-1240\" alt=\"\" srcset=\"https:\/\/emu2024.ehh.ro\/wp-content\/uploads\/2024\/09\/sponsors-m-ro.jpg 992w, https:\/\/emu2024.ehh.ro\/wp-content\/uploads\/2024\/09\/sponsors-m-ro-738x1536.jpg 738w, https:\/\/emu2024.ehh.ro\/wp-content\/uploads\/2024\/09\/sponsors-m-ro-984x2048.jpg 984w, https:\/\/emu2024.ehh.ro\/wp-content\/uploads\/2024\/09\/sponsors-m-ro-200x416.jpg 200w\" sizes=\"(max-width: 992px) 100vw, 992px\" \/>\t\t\t\t\t\t\t\t\t\t\t\t\t<\/div>\n\t\t\t\t<\/div>\n\t\t\t\t\t<\/div>\n\t\t<\/div>\n\t\t\t\t\t<\/div>\n\t\t<\/section>\n\t\t\t\t<\/div>\n\t\t","protected":false},"excerpt":{"rendered":"<p>Despre Noi Prezent\u0103ri de me\u0219te\u0219uguri, loc de joac\u0103 popular S\u0103rb\u0103toarea Me\u0219te\u0219ugurilor Ardelene\u0219ti are loc pentru prima dat\u0103 \u00een Cetatea din T\u00e2rgu Mure\u0219, urm\u00e2nd modelul S\u0103rb\u0103toarea Me\u0219te\u0219ugurilor din Budapesta ini\u021biat de Asocia\u021bia de Etnografie \u0219i Art\u0103 Popular\u0103 acum aproape patru decenii. Ini\u021biatorii evenimentului sunt Asocia\u021bia de Etnografie \u0219i Art\u0103 Popular\u0103, Funda\u021bia Casa Tradi\u021biilor Ardelene\u0219ti \u0219i Asocia\u021bia [&hellip;]<\/p>\n","protected":false},"author":1,"featured_media":0,"parent":0,"menu_order":0,"comment_status":"closed","ping_status":"closed","template":"templates\/page-builder-content.php","meta":{"footnotes":""},"yoast_head":"<!-- This site is optimized with the Yoast SEO plugin v21.9.1 - https:\/\/yoast.com\/wordpress\/plugins\/seo\/ -->\n<title>Despre noi - II. S\u0103rb\u0103toare Me\u015fte\u015fugurilor Ardelene\u015fti<\/title>\n<meta name=\"robots\" content=\"index, follow, max-snippet:-1, max-image-preview:large, max-video-preview:-1\" \/>\n<link rel=\"canonical\" href=\"https:\/\/emu2024.ehh.ro\/ro\/despre-noi\/\" \/>\n<meta property=\"og:locale\" content=\"ro_RO\" \/>\n<meta property=\"og:type\" content=\"article\" \/>\n<meta property=\"og:title\" content=\"Despre noi - II. S\u0103rb\u0103toare Me\u015fte\u015fugurilor Ardelene\u015fti\" \/>\n<meta property=\"og:description\" content=\"Despre Noi Prezent\u0103ri de me\u0219te\u0219uguri, loc de joac\u0103 popular S\u0103rb\u0103toarea Me\u0219te\u0219ugurilor Ardelene\u0219ti are loc pentru prima dat\u0103 \u00een Cetatea din T\u00e2rgu Mure\u0219, urm\u00e2nd modelul S\u0103rb\u0103toarea Me\u0219te\u0219ugurilor din Budapesta ini\u021biat de Asocia\u021bia de Etnografie \u0219i Art\u0103 Popular\u0103 acum aproape patru decenii. Ini\u021biatorii evenimentului sunt Asocia\u021bia de Etnografie \u0219i Art\u0103 Popular\u0103, Funda\u021bia Casa Tradi\u021biilor Ardelene\u0219ti \u0219i Asocia\u021bia [&hellip;]\" \/>\n<meta property=\"og:url\" content=\"https:\/\/emu2024.ehh.ro\/ro\/despre-noi\/\" \/>\n<meta property=\"og:site_name\" content=\"II. S\u0103rb\u0103toare Me\u015fte\u015fugurilor Ardelene\u015fti\" \/>\n<meta property=\"article:publisher\" content=\"https:\/\/www.facebook.com\/erdelyi.mestersegek.unnepe\" \/>\n<meta property=\"article:modified_time\" content=\"2024-09-16T04:25:39+00:00\" \/>\n<meta property=\"og:image\" content=\"https:\/\/emu.ehh.ro\/wp-content\/uploads\/2024\/09\/sponsors-d-ro.jpg\" \/>\n<meta name=\"twitter:card\" content=\"summary_large_image\" \/>\n<meta name=\"twitter:label1\" content=\"Est. reading time\" \/>\n\t<meta name=\"twitter:data1\" content=\"1 minut\" \/>\n<script type=\"application\/ld+json\" class=\"yoast-schema-graph\">{\"@context\":\"https:\/\/schema.org\",\"@graph\":[{\"@type\":\"WebPage\",\"@id\":\"https:\/\/emu2024.ehh.ro\/ro\/despre-noi\/\",\"url\":\"https:\/\/emu2024.ehh.ro\/ro\/despre-noi\/\",\"name\":\"Despre noi - II. S\u0103rb\u0103toare Me\u015fte\u015fugurilor Ardelene\u015fti\",\"isPartOf\":{\"@id\":\"https:\/\/emu2024.ehh.ro\/#website\"},\"datePublished\":\"2018-06-19T10:45:31+00:00\",\"dateModified\":\"2024-09-16T04:25:39+00:00\",\"breadcrumb\":{\"@id\":\"https:\/\/emu2024.ehh.ro\/ro\/despre-noi\/#breadcrumb\"},\"inLanguage\":\"ro-RO\",\"potentialAction\":[{\"@type\":\"ReadAction\",\"target\":[\"https:\/\/emu2024.ehh.ro\/ro\/despre-noi\/\"]}]},{\"@type\":\"BreadcrumbList\",\"@id\":\"https:\/\/emu2024.ehh.ro\/ro\/despre-noi\/#breadcrumb\",\"itemListElement\":[{\"@type\":\"ListItem\",\"position\":1,\"name\":\"Home\",\"item\":\"https:\/\/emu2024.ehh.ro\/ro\/\"},{\"@type\":\"ListItem\",\"position\":2,\"name\":\"Despre noi\"}]},{\"@type\":\"WebSite\",\"@id\":\"https:\/\/emu2024.ehh.ro\/#website\",\"url\":\"https:\/\/emu2024.ehh.ro\/\",\"name\":\"M\u00e1sodik Erd\u00e9lyi Mesters\u00e9gek \u00dcnnepe\",\"description\":\"\",\"publisher\":{\"@id\":\"https:\/\/emu2024.ehh.ro\/#organization\"},\"potentialAction\":[{\"@type\":\"SearchAction\",\"target\":{\"@type\":\"EntryPoint\",\"urlTemplate\":\"https:\/\/emu2024.ehh.ro\/?s={search_term_string}\"},\"query-input\":\"required name=search_term_string\"}],\"inLanguage\":\"ro-RO\"},{\"@type\":\"Organization\",\"@id\":\"https:\/\/emu2024.ehh.ro\/#organization\",\"name\":\"M\u00e1sodik Erd\u00e9lyi Mesters\u00e9gek \u00dcnnepe\",\"url\":\"https:\/\/emu2024.ehh.ro\/\",\"logo\":{\"@type\":\"ImageObject\",\"inLanguage\":\"ro-RO\",\"@id\":\"https:\/\/emu2024.ehh.ro\/#\/schema\/logo\/image\/\",\"url\":\"https:\/\/emu2024.ehh.ro\/wp-content\/uploads\/2024\/05\/logo-emu-ro-70.png\",\"contentUrl\":\"https:\/\/emu2024.ehh.ro\/wp-content\/uploads\/2024\/05\/logo-emu-ro-70.png\",\"width\":226,\"height\":70,\"caption\":\"M\u00e1sodik Erd\u00e9lyi Mesters\u00e9gek \u00dcnnepe\"},\"image\":{\"@id\":\"https:\/\/emu2024.ehh.ro\/#\/schema\/logo\/image\/\"},\"sameAs\":[\"https:\/\/www.facebook.com\/erdelyi.mestersegek.unnepe\"]}]}<\/script>\n<!-- \/ Yoast SEO plugin. -->","yoast_head_json":{"title":"Despre noi - II. S\u0103rb\u0103toare Me\u015fte\u015fugurilor Ardelene\u015fti","robots":{"index":"index","follow":"follow","max-snippet":"max-snippet:-1","max-image-preview":"max-image-preview:large","max-video-preview":"max-video-preview:-1"},"canonical":"https:\/\/emu2024.ehh.ro\/ro\/despre-noi\/","og_locale":"ro_RO","og_type":"article","og_title":"Despre noi - II. S\u0103rb\u0103toare Me\u015fte\u015fugurilor Ardelene\u015fti","og_description":"Despre Noi Prezent\u0103ri de me\u0219te\u0219uguri, loc de joac\u0103 popular S\u0103rb\u0103toarea Me\u0219te\u0219ugurilor Ardelene\u0219ti are loc pentru prima dat\u0103 \u00een Cetatea din T\u00e2rgu Mure\u0219, urm\u00e2nd modelul S\u0103rb\u0103toarea Me\u0219te\u0219ugurilor din Budapesta ini\u021biat de Asocia\u021bia de Etnografie \u0219i Art\u0103 Popular\u0103 acum aproape patru decenii. Ini\u021biatorii evenimentului sunt Asocia\u021bia de Etnografie \u0219i Art\u0103 Popular\u0103, Funda\u021bia Casa Tradi\u021biilor Ardelene\u0219ti \u0219i Asocia\u021bia [&hellip;]","og_url":"https:\/\/emu2024.ehh.ro\/ro\/despre-noi\/","og_site_name":"II. S\u0103rb\u0103toare Me\u015fte\u015fugurilor Ardelene\u015fti","article_publisher":"https:\/\/www.facebook.com\/erdelyi.mestersegek.unnepe","article_modified_time":"2024-09-16T04:25:39+00:00","og_image":[{"url":"https:\/\/emu.ehh.ro\/wp-content\/uploads\/2024\/09\/sponsors-d-ro.jpg"}],"twitter_card":"summary_large_image","twitter_misc":{"Est. reading time":"1 minut"},"schema":{"@context":"https:\/\/schema.org","@graph":[{"@type":"WebPage","@id":"https:\/\/emu2024.ehh.ro\/ro\/despre-noi\/","url":"https:\/\/emu2024.ehh.ro\/ro\/despre-noi\/","name":"Despre noi - II. S\u0103rb\u0103toare Me\u015fte\u015fugurilor Ardelene\u015fti","isPartOf":{"@id":"https:\/\/emu2024.ehh.ro\/#website"},"datePublished":"2018-06-19T10:45:31+00:00","dateModified":"2024-09-16T04:25:39+00:00","breadcrumb":{"@id":"https:\/\/emu2024.ehh.ro\/ro\/despre-noi\/#breadcrumb"},"inLanguage":"ro-RO","potentialAction":[{"@type":"ReadAction","target":["https:\/\/emu2024.ehh.ro\/ro\/despre-noi\/"]}]},{"@type":"BreadcrumbList","@id":"https:\/\/emu2024.ehh.ro\/ro\/despre-noi\/#breadcrumb","itemListElement":[{"@type":"ListItem","position":1,"name":"Home","item":"https:\/\/emu2024.ehh.ro\/ro\/"},{"@type":"ListItem","position":2,"name":"Despre noi"}]},{"@type":"WebSite","@id":"https:\/\/emu2024.ehh.ro\/#website","url":"https:\/\/emu2024.ehh.ro\/","name":"M\u00e1sodik Erd\u00e9lyi Mesters\u00e9gek \u00dcnnepe","description":"","publisher":{"@id":"https:\/\/emu2024.ehh.ro\/#organization"},"potentialAction":[{"@type":"SearchAction","target":{"@type":"EntryPoint","urlTemplate":"https:\/\/emu2024.ehh.ro\/?s={search_term_string}"},"query-input":"required name=search_term_string"}],"inLanguage":"ro-RO"},{"@type":"Organization","@id":"https:\/\/emu2024.ehh.ro\/#organization","name":"M\u00e1sodik Erd\u00e9lyi Mesters\u00e9gek \u00dcnnepe","url":"https:\/\/emu2024.ehh.ro\/","logo":{"@type":"ImageObject","inLanguage":"ro-RO","@id":"https:\/\/emu2024.ehh.ro\/#\/schema\/logo\/image\/","url":"https:\/\/emu2024.ehh.ro\/wp-content\/uploads\/2024\/05\/logo-emu-ro-70.png","contentUrl":"https:\/\/emu2024.ehh.ro\/wp-content\/uploads\/2024\/05\/logo-emu-ro-70.png","width":226,"height":70,"caption":"M\u00e1sodik Erd\u00e9lyi Mesters\u00e9gek \u00dcnnepe"},"image":{"@id":"https:\/\/emu2024.ehh.ro\/#\/schema\/logo\/image\/"},"sameAs":["https:\/\/www.facebook.com\/erdelyi.mestersegek.unnepe"]}]}},"_links":{"self":[{"href":"https:\/\/emu2024.ehh.ro\/ro\/wp-json\/wp\/v2\/pages\/592"}],"collection":[{"href":"https:\/\/emu2024.ehh.ro\/ro\/wp-json\/wp\/v2\/pages"}],"about":[{"href":"https:\/\/emu2024.ehh.ro\/ro\/wp-json\/wp\/v2\/types\/page"}],"author":[{"embeddable":true,"href":"https:\/\/emu2024.ehh.ro\/ro\/wp-json\/wp\/v2\/users\/1"}],"replies":[{"embeddable":true,"href":"https:\/\/emu2024.ehh.ro\/ro\/wp-json\/wp\/v2\/comments?post=592"}],"version-history":[{"count":47,"href":"https:\/\/emu2024.ehh.ro\/ro\/wp-json\/wp\/v2\/pages\/592\/revisions"}],"predecessor-version":[{"id":1252,"href":"https:\/\/emu2024.ehh.ro\/ro\/wp-json\/wp\/v2\/pages\/592\/revisions\/1252"}],"wp:attachment":[{"href":"https:\/\/emu2024.ehh.ro\/ro\/wp-json\/wp\/v2\/media?parent=592"}],"curies":[{"name":"wp","href":"https:\/\/api.w.org\/{rel}","templated":true}]}}